{"id":11622,"date":"2017-08-05T14:04:11","date_gmt":"2017-08-05T18:04:11","guid":{"rendered":"https:\/\/racheldara.com\/404-page-non-trouvee\/"},"modified":"2024-01-18T07:48:35","modified_gmt":"2024-01-18T12:48:35","slug":"404-page-non-trouvee","status":"publish","type":"page","link":"https:\/\/racheldara.com\/fr\/404-page-non-trouvee\/","title":{"rendered":"404 Page non trouv\u00e9e"},"content":{"rendered":"<div class=\"wpb-content-wrapper\"><p>[vc_section css=\u00a0\u00bb.vc_custom_1502109771712{background-image: url(https:\/\/racheldara.com\/dev\/wp-content\/uploads\/2017\/08\/404.jpg?id=1220) !important;background-position: center !important;background-repeat: no-repeat !important;background-size: cover !important;}\u00a0\u00bb][vc_row full_width=\u00a0\u00bbstretch_row_content_no_spaces\u00a0\u00bb css=\u00a0\u00bb.vc_custom_1502108370252{background-position: center !important;background-repeat: no-repeat !important;background-size: contain !important;}\u00a0\u00bb][vc_column]<div class=\"es-resp\">\t<div class=\"visible-xl\" style=\"height: 64px;\"><\/div>\t<div class=\"hidden-xl hidden-md hidden-sm hidden-ms hidden-xs\" style=\"height: 64px;\"><\/div>\t<div class=\"visible-md\" style=\"height: 64px;\"><\/div>\t<div class=\"visible-sm \" style=\"height: 64px;\"><\/div>\t<div class=\"visible-ms\" style=\"height: 64px;\"><\/div>\t<div class=\"visible-xs\" style=\"height: 64px;\"><\/div><\/div>[vc_single_image image=\u00a0\u00bb10206&Prime; img_size=\u00a0\u00bbfull\u00a0\u00bb alignment=\u00a0\u00bbcenter\u00a0\u00bb]<div class=\"heading  heading-large header-inline align-center color-black subcolor-second transform-default icon-type-hidden   vc_custom_1530703467349 heading-tag-h4\" id=\"like_sc_header_1876721279\"><h4 class=\"header ltx-sr-id-like_sc_header_18767212791550970860 ltx-sr ltx-sr-effect-fade_in ltx-sr-el-block ltx-sr-delay-0 ltx-sr-duration-1000 ltx-sr-sequences-0\">Oops! Page Not Found<\/h4><\/div>[vc_column_text]<\/p>\n<p style=\"text-align: center;\">La page que vous recherchez a \u00e9t\u00e9 d\u00e9plac\u00e9e, supprim\u00e9e,<br \/>\nrenomm\u00e9 ou n&rsquo;a peut-\u00eatre jamais exist\u00e9.<\/p>\n<p>[\/vc_column_text][vc_empty_space height=\u00a0\u00bb16px\u00a0\u00bb]<div class=\"btn-wrap align-center\">\r\n\t<a href=\"\/\"  class=\"btn  btn-xs btn-main color-hover-black align-center\" id=\"like_sc_button_1032048632\">Home Page<\/a><\/div><div class=\"es-resp\">\t<div class=\"visible-xl\" style=\"height: 64px;\"><\/div>\t<div class=\"hidden-xl hidden-md hidden-sm hidden-ms hidden-xs\" style=\"height: 64px;\"><\/div>\t<div class=\"visible-md\" style=\"height: 64px;\"><\/div>\t<div class=\"visible-sm \" style=\"height: 64px;\"><\/div>\t<div class=\"visible-ms\" style=\"height: 64px;\"><\/div>\t<div class=\"visible-xs\" style=\"height: 64px;\"><\/div><\/div>[\/vc_column][\/vc_row][\/vc_section]<\/p>\n<\/div>","protected":false},"excerpt":{"rendered":"<p>[vc_section css=\u00a0\u00bb.vc_custom_1502109771712{background-image: url(https:\/\/racheldara.com\/dev\/wp-content\/uploads\/2017\/08\/404.jpg?id=1220) !important;background-position: center !important;background-repeat: no-repeat !important;background-size: cover !important;}\u00a0\u00bb][vc_row full_width=\u00a0\u00bbstretch_row_content_no_spaces\u00a0\u00bb css=\u00a0\u00bb.vc_custom_1502108370252{background-position: center !important;background-repeat: no-repeat !important;background-size: contain !important;}\u00a0\u00bb][vc_column][vc_single_image image=\u00a0\u00bb10206&Prime; img_size=\u00a0\u00bbfull\u00a0\u00bb alignment=\u00a0\u00bbcenter\u00a0\u00bb][vc_column_text] La page que vous recherchez a \u00e9t\u00e9 d\u00e9plac\u00e9e, supprim\u00e9e, renomm\u00e9 ou n&rsquo;a peut-\u00eatre jamais exist\u00e9. [\/vc_column_text][vc_empty_space height=\u00a0\u00bb16px\u00a0\u00bb][\/vc_column][\/vc_row][\/vc_section]<\/p>\n","protected":false},"author":1,"featured_media":0,"parent":0,"menu_order":0,"comment_status":"closed","ping_status":"closed","template":"page-templates\/404.php","meta":{"inline_featured_image":false,"_price":"","_stock":"","_tribe_ticket_header":"","_tribe_default_ticket_provider":"","_ticket_start_date":"","_ticket_end_date":"","_tribe_ticket_show_description":"","_tribe_ticket_show_not_going":false,"_tribe_ticket_use_global_stock":"","_tribe_ticket_global_stock_level":"","_global_stock_mode":"","_global_stock_cap":"","_tribe_rsvp_for_event":"","_tribe_ticket_going_count":"","_tribe_ticket_not_going_count":"","_tribe_tickets_list":"[]","_tribe_ticket_has_attendee_info_fields":false,"footnotes":""},"class_list":["post-11622","page","type-page","status-publish","hentry"],"_links":{"self":[{"href":"https:\/\/racheldara.com\/fr\/wp-json\/wp\/v2\/pages\/11622","targetHints":{"allow":["GET"]}}],"collection":[{"href":"https:\/\/racheldara.com\/fr\/wp-json\/wp\/v2\/pages"}],"about":[{"href":"https:\/\/racheldara.com\/fr\/wp-json\/wp\/v2\/types\/page"}],"author":[{"embeddable":true,"href":"https:\/\/racheldara.com\/fr\/wp-json\/wp\/v2\/users\/1"}],"replies":[{"embeddable":true,"href":"https:\/\/racheldara.com\/fr\/wp-json\/wp\/v2\/comments?post=11622"}],"version-history":[{"count":5,"href":"https:\/\/racheldara.com\/fr\/wp-json\/wp\/v2\/pages\/11622\/revisions"}],"predecessor-version":[{"id":11763,"href":"https:\/\/racheldara.com\/fr\/wp-json\/wp\/v2\/pages\/11622\/revisions\/11763"}],"wp:attachment":[{"href":"https:\/\/racheldara.com\/fr\/wp-json\/wp\/v2\/media?parent=11622"}],"curies":[{"name":"wp","href":"https:\/\/api.w.org\/{rel}","templated":true}]}}