{"id":11637,"date":"2017-05-17T20:05:52","date_gmt":"2017-05-18T00:05:52","guid":{"rendered":"https:\/\/racheldara.com\/contact\/"},"modified":"2024-07-05T09:53:24","modified_gmt":"2024-07-05T13:53:24","slug":"contact","status":"publish","type":"page","link":"https:\/\/racheldara.com\/fr\/contact\/","title":{"rendered":"Contact"},"content":{"rendered":"<div class=\"wpb-content-wrapper\"><p>[vc_section full_width=\u00a0\u00bbstretch_row\u00a0\u00bb][vc_row gap=\u00a0\u00bb30&Prime;][vc_column width=\u00a0\u00bb1\/2&Prime;]<div class=\"heading  header-subheader align-left color-black transform-default theme-icon-second icon-type-hidden   vc_custom_1625841698536 heading-tag-h4\" id=\"like_sc_header_790996102\"><h4 class=\"header ltx-sr-id-like_sc_header_790996102177650820 ltx-sr ltx-sr-effect-fade_in ltx-sr-el-block ltx-sr-delay-0 ltx-sr-duration-1000 ltx-sr-sequences-0\">Contact details:<\/h4><\/div>[vc_column_text]Rachel Dara est constamment en train d&rsquo;\u00e9crire des chansons et de travailler sur de nouvelles musiques. Elle a un talent extraordinaire qui ne fera que cro\u00eetre avec l&rsquo;\u00e2ge. N&rsquo;h\u00e9sitez pas \u00e0 soutenir son parcours et \u00e0 aider cette jeune artiste en \u00e9coutant et en appr\u00e9ciant sa musique.[\/vc_column_text]<div class=\"align-default \"><ul class=\"social-icons-list   vc_custom_1678195837845 bg-main  icon-weight-bold\" id=\"like_sc_social_icons_775205724\"><li class=\" \"><a href=\"tel:5145742829\"><span class=\"fas fa-phone-alt\"><\/span><span class=\"head\">(514) 574-2829<\/span><\/a><\/li><li class=\" \"><a href=\"mailto:info@racheldara.com\"><span class=\"fas fa-envelope\"><\/span><span class=\"head\">info@racheldara.com<\/span><\/a><\/li><\/ul><\/div>[vc_row_inner content_placement=\u00a0\u00bbtop\u00a0\u00bb][vc_column_inner width=\u00a0\u00bb1\/3&Prime;][vc_single_image image=\u00a0\u00bb11125&Prime; img_size=\u00a0\u00bbfull\u00a0\u00bb][vc_empty_space height=\u00a0\u00bb20px\u00a0\u00bb][vc_column_text]Membre de la Soci\u00e9t\u00e9 canadienne des auteurs, compositeurs et \u00e9diteurs de musique (SOCAN).[\/vc_column_text][\/vc_column_inner][vc_column_inner width=\u00a0\u00bb1\/3&Prime;][vc_single_image image=\u00a0\u00bb11126&Prime; img_size=\u00a0\u00bbfull\u00a0\u00bb][vc_empty_space height=\u00a0\u00bb20px\u00a0\u00bb][vc_column_text]Membre de la Soci\u00e9t\u00e9 am\u00e9ricaine des compositeurs, auteurs et \u00e9diteurs (ASCAP).[\/vc_column_text][\/vc_column_inner][vc_column_inner width=\u00a0\u00bb1\/3&Prime;][vc_single_image image=\u00a0\u00bb11127&Prime; img_size=\u00a0\u00bbfull\u00a0\u00bb][vc_empty_space height=\u00a0\u00bb20px\u00a0\u00bb][vc_column_text]Membre de l&rsquo;Association internationale des auteurs-compositeurs-interpr\u00e8tes (ISSA).[\/vc_column_text][\/vc_column_inner][\/vc_row_inner][\/vc_column][vc_column width=\u00a0\u00bb1\/2&Prime;]<div class=\"heading  header-subheader align-left color-black transform-default theme-icon-second icon-type-hidden   vc_custom_1678200206227 heading-tag-h4\" id=\"like_sc_header_326305991\"><h4 class=\"header ltx-sr-id-like_sc_header_32630599126971453 ltx-sr ltx-sr-effect-fade_in ltx-sr-el-block ltx-sr-delay-0 ltx-sr-duration-1000 ltx-sr-sequences-0\">Get in touch<\/h4><\/div>[vc_empty_space height=\u00a0\u00bb15px\u00a0\u00bb]<div class=\"ltx-contact-form-7 transform-default form-center form-transparent form-bg-transparent form-style-default form-btn-default form-btn-default form-padding-none    vc_custom_1678196734452\" id=\"like_sc_contact_form_7_781626278\">\n<div class=\"wpcf7 no-js\" id=\"wpcf7-f11756-o1\" lang=\"fr-FR\" dir=\"ltr\" data-wpcf7-id=\"11756\">\n<div class=\"screen-reader-response\"><p role=\"status\" aria-live=\"polite\" aria-atomic=\"true\"><\/p> <ul><\/ul><\/div>\n<form action=\"\/fr\/wp-json\/wp\/v2\/pages\/11637#wpcf7-f11756-o1\" method=\"post\" class=\"wpcf7-form init 44b8f3c8eb4d cmatic-conn cmatic-aud-1 cmatic-mapd0-0 cmatic-v0975 cmatic-sent-0 cmatic-total-172\" aria-label=\"Formulaire de contact\" novalidate=\"novalidate\" data-status=\"init\">\n<fieldset class=\"hidden-fields-container\"><input type=\"hidden\" name=\"_wpcf7\" value=\"11756\" \/><input type=\"hidden\" name=\"_wpcf7_version\" value=\"6.1.5\" \/><input type=\"hidden\" name=\"_wpcf7_locale\" value=\"fr_FR\" \/><input type=\"hidden\" name=\"_wpcf7_unit_tag\" value=\"wpcf7-f11756-o1\" \/><input type=\"hidden\" name=\"_wpcf7_container_post\" value=\"0\" \/><input type=\"hidden\" name=\"_wpcf7_posted_data_hash\" value=\"\" \/><input type=\"hidden\" name=\"_wpcf7_recaptcha_response\" value=\"\" \/>\n<\/fieldset>\n<div class=\"row\">\n\t<div class=\"col-lg-6\">\n\t\t<p><span class=\"wpcf7-form-control-wrap\" data-name=\"your-name\"><input size=\"40\" maxlength=\"400\" class=\"wpcf7-form-control wpcf7-text wpcf7-validates-as-required\" aria-required=\"true\" aria-invalid=\"false\" placeholder=\"Votre nom\" value=\"\" type=\"text\" name=\"your-name\" \/><\/span>\n\t\t<\/p>\n\t<\/div>\n\t<div class=\"col-lg-6\">\n\t\t<p><span class=\"wpcf7-form-control-wrap\" data-name=\"your-email\"><input size=\"40\" maxlength=\"400\" class=\"wpcf7-form-control wpcf7-text wpcf7-validates-as-required\" aria-required=\"true\" aria-invalid=\"false\" placeholder=\"Votre email\" value=\"\" type=\"text\" name=\"your-email\" \/><\/span>\n\t\t<\/p>\n\t<\/div>\n<\/div>\n<p><span class=\"wpcf7-form-control-wrap\" data-name=\"your-message\"><textarea cols=\"40\" rows=\"10\" maxlength=\"2000\" class=\"wpcf7-form-control wpcf7-textarea\" aria-invalid=\"false\" placeholder=\"Message\" name=\"your-message\"><\/textarea><\/span>\n<\/p>\n<p><input class=\"wpcf7-form-control wpcf7-submit has-spinner\" type=\"submit\" value=\"Submit\" \/>\n<\/p><p style=\"display: none !important;\" class=\"akismet-fields-container\" data-prefix=\"_wpcf7_ak_\"><label>&#916;<textarea name=\"_wpcf7_ak_hp_textarea\" cols=\"45\" rows=\"8\" maxlength=\"100\"><\/textarea><\/label><input type=\"hidden\" id=\"ak_js_1\" name=\"_wpcf7_ak_js\" value=\"116\"\/><script>document.getElementById( \"ak_js_1\" ).setAttribute( \"value\", ( new Date() ).getTime() );<\/script><\/p><div class=\"wpcf7-response-output\" aria-hidden=\"true\"><\/div>\n<\/form>\n<\/div>\n<\/div>[\/vc_column][\/vc_row][vc_row full_width=\u00a0\u00bbstretch_row\u00a0\u00bb content_placement=\u00a0\u00bbmiddle\u00a0\u00bb bg_color_select=\u00a0\u00bbtheme_color\u00a0\u00bb css=\u00a0\u00bb.vc_custom_1720183937146{margin-top: 80px !important;padding-top: 30px !important;padding-bottom: 30px !important;}\u00a0\u00bb][vc_column width=\u00a0\u00bb1\/2&Prime;][vc_custom_heading text=\u00a0\u00bbSuivez Rachel Dara sur les m\u00e9dias sociaux\u00a0\u00bb font_container=\u00a0\u00bbtag:h2|font_size:36px|text_align:left|color:%23ffffff\u00a0\u00bb use_theme_fonts=\u00a0\u00bbyes\u00a0\u00bb css=\u00a0\u00bb.vc_custom_1678198655461{margin-bottom: 0px !important;}\u00a0\u00bb el_id=\u00a0\u00bbtxt-700&Prime;][\/vc_column][vc_column width=\u00a0\u00bb1\/2&Prime;][vc_row_inner][vc_column_inner width=\u00a0\u00bb1\/4&Prime;][vc_icon icon_fontawesome=\u00a0\u00bbfab fa-facebook-f\u00a0\u00bb color=\u00a0\u00bbwhite\u00a0\u00bb align=\u00a0\u00bbcenter\u00a0\u00bb link=\u00a0\u00bburl:https%3A%2F%2Fwww.facebook.com%2FRachelDaraMusic%2F|target:_blank|rel:nofollow|\u00a0\u00bb][vc_column_text]<\/p>\n<p style=\"text-align: center; font-size: 14px; color: #ffffff;\">Facebook<\/p>\n<p>[\/vc_column_text][\/vc_column_inner][vc_column_inner width=\u00a0\u00bb1\/4&Prime;][vc_icon icon_fontawesome=\u00a0\u00bbfab fa-youtube\u00a0\u00bb color=\u00a0\u00bbwhite\u00a0\u00bb size=\u00a0\u00bblg\u00a0\u00bb align=\u00a0\u00bbcenter\u00a0\u00bb link=\u00a0\u00bburl:https%3A%2F%2Fwww.youtube.com%2Fc%2FRachelDara|target:_blank|rel:nofollow|\u00a0\u00bb][vc_column_text]<\/p>\n<p style=\"text-align: center; font-size: 14px; color: #ffffff;\">YouTube<\/p>\n<p>[\/vc_column_text][\/vc_column_inner][vc_column_inner width=\u00a0\u00bb1\/4&Prime;][vc_icon icon_fontawesome=\u00a0\u00bbfab fa-instagram\u00a0\u00bb color=\u00a0\u00bbwhite\u00a0\u00bb size=\u00a0\u00bblg\u00a0\u00bb align=\u00a0\u00bbcenter\u00a0\u00bb link=\u00a0\u00bburl:https%3A%2F%2Fwww.instagram.com%2Fracheldaramusic%2F|target:_blank|rel:nofollow|\u00a0\u00bb][vc_column_text]<\/p>\n<p style=\"text-align: center; font-size: 14px; color: #ffffff;\">Instagram<\/p>\n<p>[\/vc_column_text][\/vc_column_inner][vc_column_inner width=\u00a0\u00bb1\/4&Prime;][vc_icon icon_fontawesome=\u00a0\u00bbfas fa-link\u00a0\u00bb color=\u00a0\u00bbwhite\u00a0\u00bb size=\u00a0\u00bblg\u00a0\u00bb align=\u00a0\u00bbcenter\u00a0\u00bb link=\u00a0\u00bburl:https%3A%2F%2Fwww.tiktok.com%2F%40iamracheldara|target:_blank|rel:nofollow|\u00a0\u00bb][vc_column_text]<\/p>\n<p style=\"text-align: center; font-size: 14px; color: #ffffff;\">TikTok<\/p>\n<p>[\/vc_column_text][\/vc_column_inner][\/vc_row_inner][\/vc_column][\/vc_row][vc_row gap=\u00a0\u00bb30&Prime; css=\u00a0\u00bb.vc_custom_1678200155905{margin-top: 80px !important;}\u00a0\u00bb][vc_column width=\u00a0\u00bb1\/2&Prime;][vc_single_image image=\u00a0\u00bb10345&Prime; img_size=\u00a0\u00bbfull\u00a0\u00bb alignment=\u00a0\u00bbcenter\u00a0\u00bb][\/vc_column][vc_column width=\u00a0\u00bb1\/2&Prime;][vc_custom_heading text=\u00a0\u00bb\u00c9quipe de gestion et r\u00e9servation :\u00a0\u00bb font_container=\u00a0\u00bbtag:h2|font_size:24px|text_align:left|color:%23222222&Prime; use_theme_fonts=\u00a0\u00bbyes\u00a0\u00bb el_id=\u00a0\u00bbtxt-600&Prime;][vc_column_text]Contact : <strong>Jason Stadtlander<\/strong>[\/vc_column_text]<div class=\"align-default \"><ul class=\"social-icons-list bg-main  icon-weight-bold\" id=\"like_sc_social_icons_1142127731\"><li class=\" \"><a href=\"tel:5145742829\"><span class=\"fas fa-phone-alt\"><\/span><span class=\"head\">(514) 574-2829<\/span><\/a><\/li><li class=\" \"><a href=\"mailto:music@boutiqueabc.com\"><span class=\"fas fa-envelope\"><\/span><span class=\"head\">music@boutiqueabc.com<\/span><\/a><\/li><\/ul><\/div>[vc_custom_heading text=\u00a0\u00bbLabel d&apos;enregistrement : Big Records\u00a0\u00bb font_container=\u00a0\u00bbtag:h2|font_size:24px|text_align:left|color:%23222222&Prime; use_theme_fonts=\u00a0\u00bbyes\u00a0\u00bb el_id=\u00a0\u00bbtxt-600&Prime;][vc_custom_heading text=\u00a0\u00bbPublicit\u00e9 :\u00a0\u00bb font_container=\u00a0\u00bbtag:h2|font_size:24px|text_align:left|color:%23222222&Prime; use_theme_fonts=\u00a0\u00bbyes\u00a0\u00bb el_id=\u00a0\u00bbtxt-600&Prime;][vc_column_text]Contact : <strong>Cindy Nene<\/strong>[\/vc_column_text]<div class=\"align-default \"><ul class=\"social-icons-list bg-main  icon-weight-bold\" id=\"like_sc_social_icons_536599179\"><li class=\" \"><a href=\"mailto:publicity@bigrecords.world\"><span class=\"fas fa-envelope\"><\/span><span class=\"head\">publicity@bigrecords.world<\/span><\/a><\/li><\/ul><\/div>[vc_custom_heading text=\u00a0\u00bbParrainage et endossements :\u00a0\u00bb font_container=\u00a0\u00bbtag:h2|font_size:24px|text_align:left|color:%23222222&Prime; use_theme_fonts=\u00a0\u00bbyes\u00a0\u00bb el_id=\u00a0\u00bbtxt-600&Prime;][vc_column_text]Contact : <strong>Jenny Duhaim<\/strong>[\/vc_column_text]<div class=\"align-default \"><ul class=\"social-icons-list bg-main  icon-weight-bold\" id=\"like_sc_social_icons_1259491243\"><li class=\" \"><a href=\"mailto:jenny@bigrecords.world\"><span class=\"fas fa-envelope\"><\/span><span class=\"head\">jenny@bigrecords.world<\/span><\/a><\/li><\/ul><\/div>[\/vc_column][\/vc_row][vc_row full_width=\u00a0\u00bbstretch_row\u00a0\u00bb content_placement=\u00a0\u00bbmiddle\u00a0\u00bb bg_color_select=\u00a0\u00bbtheme_color\u00a0\u00bb css=\u00a0\u00bb.vc_custom_1720183943655{margin-top: 50px !important;padding-top: 30px !important;padding-bottom: 30px !important;}\u00a0\u00bb][vc_column width=\u00a0\u00bb1\/2&Prime;][vc_custom_heading text=\u00a0\u00bb\u00c9couter Rachel Dara sur les plates-formes musicales\u00a0\u00bb font_container=\u00a0\u00bbtag:h2|font_size:36px|text_align:left|color:%23ffffff\u00a0\u00bb use_theme_fonts=\u00a0\u00bbyes\u00a0\u00bb css=\u00a0\u00bb.vc_custom_1720187356936{margin-bottom: 0px !important;}\u00a0\u00bb el_id=\u00a0\u00bbtxt-700&Prime;][\/vc_column][vc_column width=\u00a0\u00bb1\/2&Prime;][vc_row_inner][vc_column_inner width=\u00a0\u00bb1\/5&Prime;][vc_icon icon_fontawesome=\u00a0\u00bbfab fa-spotify\u00a0\u00bb color=\u00a0\u00bbwhite\u00a0\u00bb align=\u00a0\u00bbcenter\u00a0\u00bb link=\u00a0\u00bburl:https%3A%2F%2Fopen.spotify.com%2Fartist%2F3hF6E1ngi70xWEeDjFUYFJ%3Fautoplay%3Dtrue|target:_blank|rel:nofollow|\u00a0\u00bb][vc_column_text]<\/p>\n<p style=\"text-align: center; font-size: 14px; color: #ffffff;\">Spotify<\/p>\n<p>[\/vc_column_text][\/vc_column_inner][vc_column_inner width=\u00a0\u00bb1\/5&Prime;][vc_icon icon_fontawesome=\u00a0\u00bbfab fa-apple\u00a0\u00bb color=\u00a0\u00bbwhite\u00a0\u00bb size=\u00a0\u00bblg\u00a0\u00bb align=\u00a0\u00bbcenter\u00a0\u00bb link=\u00a0\u00bburl:https%3A%2F%2Fmusic.apple.com%2Fro%2Fartist%2Frachel-dara%2F1631298328|target:_blank|rel:nofollow|\u00a0\u00bb][vc_column_text]<\/p>\n<p style=\"text-align: center; font-size: 14px; color: #ffffff;\">Apple Music<\/p>\n<p>[\/vc_column_text][\/vc_column_inner][vc_column_inner width=\u00a0\u00bb1\/5&Prime;][vc_icon icon_fontawesome=\u00a0\u00bbfab fa-youtube\u00a0\u00bb color=\u00a0\u00bbwhite\u00a0\u00bb size=\u00a0\u00bblg\u00a0\u00bb align=\u00a0\u00bbcenter\u00a0\u00bb link=\u00a0\u00bburl:https%3A%2F%2Fmusic.youtube.com%2Fchannel%2FUCY9e7VvwRq3BBhxibmZwtPA%3Ffeature%3Dgws_kp_artist%26feature%3Dgws_kp_artist|target:_blank|rel:nofollow|\u00a0\u00bb][vc_column_text]<\/p>\n<p style=\"text-align: center; font-size: 14px; color: #ffffff;\">YouTube Music<\/p>\n<p>[\/vc_column_text][\/vc_column_inner][vc_column_inner width=\u00a0\u00bb1\/5&Prime;][vc_icon icon_fontawesome=\u00a0\u00bbfab fa-amazon\u00a0\u00bb color=\u00a0\u00bbwhite\u00a0\u00bb size=\u00a0\u00bblg\u00a0\u00bb align=\u00a0\u00bbcenter\u00a0\u00bb link=\u00a0\u00bburl:https%3A%2F%2Fmusic.amazon.com%2Fartists%2FB0B4WCPGQT%2Frachel-dara|target:_blank|rel:nofollow|\u00a0\u00bb][vc_column_text]<\/p>\n<p style=\"text-align: center; font-size: 14px; color: #ffffff;\">Amazon Music<\/p>\n<p>[\/vc_column_text][\/vc_column_inner][vc_column_inner width=\u00a0\u00bb1\/5&Prime;][vc_icon icon_fontawesome=\u00a0\u00bbfas fa-link\u00a0\u00bb color=\u00a0\u00bbwhite\u00a0\u00bb size=\u00a0\u00bblg\u00a0\u00bb align=\u00a0\u00bbcenter\u00a0\u00bb link=\u00a0\u00bburl:https%3A%2F%2Fwww.deezer.com%2Fartist%2F174326927%2Fradio%3Fautoplay%3Dtrue|target:_blank|rel:nofollow|\u00a0\u00bb][vc_column_text]<\/p>\n<p style=\"text-align: center; font-size: 14px; color: #ffffff;\">Deezer Music<\/p>\n<p>[\/vc_column_text][\/vc_column_inner][\/vc_row_inner][\/vc_column][\/vc_row][\/vc_section]<\/p>\n<\/div>","protected":false},"excerpt":{"rendered":"<p>[vc_section full_width=\u00a0\u00bbstretch_row\u00a0\u00bb][vc_row gap=\u00a0\u00bb30&Prime;][vc_column width=\u00a0\u00bb1\/2&Prime;][vc_column_text]Rachel Dara est constamment en train d&rsquo;\u00e9crire des chansons et de travailler sur de nouvelles musiques. Elle a un talent extraordinaire qui ne fera que cro\u00eetre avec l&rsquo;\u00e2ge. N&rsquo;h\u00e9sitez pas \u00e0 soutenir son parcours et \u00e0 aider cette jeune artiste en \u00e9coutant et en appr\u00e9ciant sa musique.[\/vc_column_text][vc_row_inner content_placement=\u00a0\u00bbtop\u00a0\u00bb][vc_column_inner width=\u00a0\u00bb1\/3&Prime;][vc_single_image image=\u00a0\u00bb11125&Prime; img_size=\u00a0\u00bbfull\u00a0\u00bb][vc_empty_space height=\u00a0\u00bb20px\u00a0\u00bb][vc_column_text]Membre de la Soci\u00e9t\u00e9 canadienne des auteurs, compositeurs et \u00e9diteurs de musique (SOCAN).[\/vc_column_text][\/vc_column_inner][vc_column_inner width=\u00a0\u00bb1\/3&Prime;][vc_single_image image=\u00a0\u00bb11126&Prime; img_size=\u00a0\u00bbfull\u00a0\u00bb][vc_empty_space height=\u00a0\u00bb20px\u00a0\u00bb][vc_column_text]Membre de la Soci\u00e9t\u00e9 am\u00e9ricaine des compositeurs, auteurs et \u00e9diteurs (ASCAP).[\/vc_column_text][\/vc_column_inner][vc_column_inner width=\u00a0\u00bb1\/3&Prime;][vc_single_image image=\u00a0\u00bb11127&Prime; img_size=\u00a0\u00bbfull\u00a0\u00bb][vc_empty_space height=\u00a0\u00bb20px\u00a0\u00bb][vc_column_text]Membre de l&rsquo;Association internationale des auteurs-compositeurs-interpr\u00e8tes (ISSA).[\/vc_column_text][\/vc_column_inner][\/vc_row_inner][\/vc_column][vc_column width=\u00a0\u00bb1\/2&Prime;][vc_empty_space height=\u00a0\u00bb15px\u00a0\u00bb][\/vc_column][\/vc_row][vc_row full_width=\u00a0\u00bbstretch_row\u00a0\u00bb content_placement=\u00a0\u00bbmiddle\u00a0\u00bb bg_color_select=\u00a0\u00bbtheme_color\u00a0\u00bb css=\u00a0\u00bb.vc_custom_1720183937146{margin-top: 80px !important;padding-top: 30px [&hellip;]<\/p>\n","protected":false},"author":1,"featured_media":0,"parent":0,"menu_order":0,"comment_status":"closed","ping_status":"closed","template":"page-templates\/full-width.php","meta":{"inline_featured_image":false,"_price":"","_stock":"","_tribe_ticket_header":"","_tribe_default_ticket_provider":"","_ticket_start_date":"","_ticket_end_date":"","_tribe_ticket_show_description":"","_tribe_ticket_show_not_going":false,"_tribe_ticket_use_global_stock":"","_tribe_ticket_global_stock_level":"","_global_stock_mode":"","_global_stock_cap":"","_tribe_rsvp_for_event":"","_tribe_ticket_going_count":"","_tribe_ticket_not_going_count":"","_tribe_tickets_list":"[]","_tribe_ticket_has_attendee_info_fields":false,"footnotes":""},"class_list":["post-11637","page","type-page","status-publish","hentry"],"_links":{"self":[{"href":"https:\/\/racheldara.com\/fr\/wp-json\/wp\/v2\/pages\/11637","targetHints":{"allow":["GET"]}}],"collection":[{"href":"https:\/\/racheldara.com\/fr\/wp-json\/wp\/v2\/pages"}],"about":[{"href":"https:\/\/racheldara.com\/fr\/wp-json\/wp\/v2\/types\/page"}],"author":[{"embeddable":true,"href":"https:\/\/racheldara.com\/fr\/wp-json\/wp\/v2\/users\/1"}],"replies":[{"embeddable":true,"href":"https:\/\/racheldara.com\/fr\/wp-json\/wp\/v2\/comments?post=11637"}],"version-history":[{"count":18,"href":"https:\/\/racheldara.com\/fr\/wp-json\/wp\/v2\/pages\/11637\/revisions"}],"predecessor-version":[{"id":11876,"href":"https:\/\/racheldara.com\/fr\/wp-json\/wp\/v2\/pages\/11637\/revisions\/11876"}],"wp:attachment":[{"href":"https:\/\/racheldara.com\/fr\/wp-json\/wp\/v2\/media?parent=11637"}],"curies":[{"name":"wp","href":"https:\/\/api.w.org\/{rel}","templated":true}]}}