{"id":11660,"date":"2017-07-23T20:39:38","date_gmt":"2017-07-24T00:39:38","guid":{"rendered":"https:\/\/racheldara.com\/a-propos-de-rachel-dara\/"},"modified":"2024-01-18T07:51:38","modified_gmt":"2024-01-18T12:51:38","slug":"a-propos-de-rachel-dara","status":"publish","type":"page","link":"https:\/\/racheldara.com\/fr\/a-propos-de-rachel-dara\/","title":{"rendered":"\u00c0 propos de Rachel Dara"},"content":{"rendered":"<div class=\"wpb-content-wrapper\"><p>[vc_row css=\u00a0\u00bb.vc_custom_1654341166256{margin-top: 80px !important;}\u00a0\u00bb][vc_column][vc_custom_heading text=\u00a0\u00bbRachel Dara\u00a0\u00bb font_container=\u00a0\u00bbtag:h5|font_size:24px|text_align:center|color:%23e41e2d\u00a0\u00bb google_fonts=\u00a0\u00bbfont_family:Architects%20Daughter%3Aregular|font_style:400%20regular%3A400%3Anormal\u00a0\u00bb][vc_custom_heading text=\u00a0\u00bbLa cr\u00e9ation de Rachel Dara &#8211; Auteur-compositeur-interpr\u00e8te\u00a0\u00bb font_container=\u00a0\u00bbtag:h3|text_align:center|color:%23222222&Prime; use_theme_fonts=\u00a0\u00bbyes\u00a0\u00bb css=\u00a0\u00bb.vc_custom_1654341205146{margin-top: 0px !important;}\u00a0\u00bb][vc_row_inner css=\u00a0\u00bb.vc_custom_1654341160472{margin-top: 50px !important;}\u00a0\u00bb][vc_column_inner width=\u00a0\u00bb1\/2&Prime;]<ul class=\"ltx-block-icon    vc_custom_1654341966929 has-descr  icons-count-1 align-center ltx-icon-color-main ltx-icon-size-sm ltx-header-color-default ltx-icon-type-circle ltx-bg-color-transparent layout-cols2 ltx-icon-top  row centered\"  id=\"like_sc_block_icon_1484599196\"><li class=\"col-xl-6 col-lg-6 col-md-6 col-sm-12 col-ms-12 col-xs-12\" ><div  data-mh=\"ltx-block-icon-in-1341\" class=\"in matchHeight\"><span class=\"ltx-icon fas fa-music bg-transparent\" data-mh=\"ltx-icon-span-like_sc_block_icon_1484599196\"><\/span><div class=\"descr\">There are many words that might describe Rachel Dara. chanteuse, storyteller, poetess, bard. She crosses boundaries all the time, but one thing that differentiates her from the rest is her ability to transform a story into a song in her Indie folk rock genre.<\/div><\/div><\/li><\/ul>[\/vc_column_inner][vc_column_inner width=\u00a0\u00bb1\/2&Prime;]<ul class=\"ltx-block-icon    vc_custom_1654341985307 has-descr  icons-count-1 align-center ltx-icon-color-main ltx-icon-size-sm ltx-header-color-default ltx-icon-type-circle ltx-bg-color-transparent layout-cols2 ltx-icon-top  row centered\"  id=\"like_sc_block_icon_1368510290\"><li class=\"col-xl-6 col-lg-6 col-md-6 col-sm-12 col-ms-12 col-xs-12\" ><div  data-mh=\"ltx-block-icon-in-1969\" class=\"in matchHeight\"><span class=\"ltx-icon fas fa-music bg-transparent\" data-mh=\"ltx-icon-span-like_sc_block_icon_1368510290\"><\/span><div class=\"descr\">Rachel Dara began to play onstage in front of audiences for Talent Nation, weekly at \"open mic at Boulzeye\" and the annual \"Argenteuil en Blues\u201d festival.\u00a0 She was Invited to audition directly in New York for producers of America\u2019s Got Talent and also attended Vocal Star to learn about the business behind the music industry.<\/div><\/div><\/li><\/ul>[\/vc_column_inner][\/vc_row_inner][\/vc_column][\/vc_row][vc_row][vc_column][vc_separator el_width=\u00a0\u00bb80&Prime;][\/vc_column][\/vc_row][vc_row][vc_column]<div class=\"heading  header-subheader align-center subcolor-main transform-default has-subheader theme-icon-second icon-type-hidden   vc_custom_1654341415307 heading-tag-h3\" id=\"like_sc_header_517589867\"><h5 class=\"subheader ltx-sr-id-like_sc_header_517589867394145627 ltx-sr ltx-sr-effect-fade_in ltx-sr-el-block ltx-sr-delay-100 ltx-sr-duration-300 ltx-sr-sequences-50\">Rachel Dara<\/h5><h3 class=\"header ltx-sr-id-like_sc_header_517589867477386234 ltx-sr ltx-sr-effect-fade_in ltx-sr-el-block ltx-sr-delay-0 ltx-sr-duration-1000 ltx-sr-sequences-0\">The Covid Concert Crucible<\/h3><\/div>[vc_row_inner][vc_column_inner width=\u00a0\u00bb1\/6&Prime;][\/vc_column_inner][vc_column_inner width=\u00a0\u00bb2\/3&Prime;][vc_column_text]<\/p>\n<p style=\"text-align: center;\">C&rsquo;est alors que la pand\u00e9mie frappe, l&rsquo;affectant plus que la plupart des autres. Sa famille imm\u00e9diate \u00e9tant atteinte de maladies auto-immunes, elle a \u00e9t\u00e9 contrainte de ne pas aller \u00e0 l&rsquo;\u00e9cole. Elle avait besoin d&rsquo;un exutoire&#8230; 50 \u00ab\u00a0Covid Concerts\u00a0\u00bb d&rsquo;une heure chaque samedi soir lui ont permis de se rapprocher de ses fans et de leur apporter inspiration et r\u00e9confort \u00e0 travers ses reprises, puis finalement sa propre musique.<\/p>\n<p style=\"text-align: center;\"><span style=\"font-weight: 400;\">Les choses ont commenc\u00e9 \u00e0 bouger. Elle a \u00e9t\u00e9 approch\u00e9e par, puis s&rsquo;est engag\u00e9e avec <\/span><a href=\"https:\/\/www.michelletreacy.com\/\" target=\"_blank\" rel=\"noopener\"><span style=\"font-weight: 400;\">Michelle Treacy<\/span><\/a><span style=\"font-weight: 400;\"> en tant que coach vocal et mentor. Elle a remport\u00e9 le <\/span><a href=\"https:\/\/www.jfkfoundation.ca\/en\/voices\/\" target=\"_blank\" rel=\"noopener\"><span style=\"font-weight: 400;\">Concours Just For Kids Voices<\/span><\/a><span style=\"font-weight: 400;\"> o\u00f9 elle a rencontr\u00e9 des animateurs de radio et de t\u00e9l\u00e9vision locaux <\/span><a href=\"https:\/\/www.iheartradio.ca\/chom\/shows\/jason-rockman-1.9323787\" target=\"_blank\" rel=\"noopener\"><span style=\"font-weight: 400;\">Jason Rockman<\/span><\/a><span style=\"font-weight: 400;\"> de CHOM FM, <\/span><a href=\"https:\/\/www.iheartradio.ca\/virginradio\/montreal\/shows\/virgin-mornings-with-vinny-shannon-adam-1.9695404\" target=\"_blank\" rel=\"noopener\"><span style=\"font-weight: 400;\">Shannon King<\/span><\/a><span style=\"font-weight: 400;\"> co-animatrice de 95.9 Virgin Mornings et Mark Bergman <\/span><a href=\"https:\/\/www.thebeat925.ca\/shows\/nikki-and-the-morning-show\/summary\" target=\"_blank\" rel=\"noopener\"><span style=\"font-weight: 400;\">Mark Bergman<\/span><\/a><span style=\"font-weight: 400;\"> de l&rsquo;\u00e9mission \u00ab\u00a0beat 92.5\u00a0\u00bb. Elle a \u00e9t\u00e9 pr\u00e9sent\u00e9e par Mike Cohen dans <\/span><a href=\"https:\/\/www.thesuburban.com\/blogs\/cohen_confidential_with_mike_cohen\/rachel-dara\/image_06348f94-7554-11ea-bc24-73b67a87e858.html\" target=\"_blank\" rel=\"noopener\"><span style=\"font-weight: 400;\">The Suburban<\/span><\/a><span style=\"font-weight: 400;\">a \u00e9t\u00e9 diffus\u00e9 sur iHeartRadio dans le cadre de l&rsquo;\u00e9mission CJAD Nightside Idol avec Jon Pole, puis interview\u00e9 par Adriana Gentile dans le cadre de l&rsquo;\u00e9mission <\/span><a href=\"https:\/\/www.facebook.com\/itwascaptured\" target=\"_blank\" rel=\"noopener\"><span style=\"font-weight: 400;\">It Was Captured<\/span><\/a><span style=\"font-weight: 400;\">. Enfin, Metro Media l&rsquo;a pr\u00e9sent\u00e9e \u00e0 la fois dans son journal et dans son magazine. <\/span><a href=\"https:\/\/journalmetro.com\/local\/outremont-mont-royal\/2599657\/une-jeune-musicienne-offre-des-concerts-sur-les-reseaux-sociaux\/\" target=\"_blank\" rel=\"noopener\"><span style=\"font-weight: 400;\">Magazine Metro<\/span><\/a><span style=\"font-weight: 400;\"> et la premi\u00e8re<\/span><b> page<\/b><span style=\"font-weight: 400;\"> du magazine District Musique.<\/span><\/p>\n<p>[\/vc_column_text][\/vc_column_inner][vc_column_inner width=\u00a0\u00bb1\/6&Prime;][\/vc_column_inner][\/vc_row_inner][\/vc_column][\/vc_row][vc_row css=\u00a0\u00bb.vc_custom_1654341858364{margin-top: 50px !important;}\u00a0\u00bb][vc_column][vc_separator el_width=\u00a0\u00bb80&Prime;][\/vc_column][\/vc_row][vc_row][vc_column]<div class=\"heading  header-subheader align-center subcolor-main transform-default has-subheader theme-icon-second icon-type-hidden heading-tag-h3\" id=\"like_sc_header_1216108976\"><h5 class=\"subheader ltx-sr-id-like_sc_header_12161089762090015893 ltx-sr ltx-sr-effect-fade_in ltx-sr-el-block ltx-sr-delay-100 ltx-sr-duration-300 ltx-sr-sequences-50\">Rachel Dara<\/h5><h3 class=\"header ltx-sr-id-like_sc_header_1216108976129352670 ltx-sr ltx-sr-effect-fade_in ltx-sr-el-block ltx-sr-delay-0 ltx-sr-duration-1000 ltx-sr-sequences-0\">The Next Big Invention<\/h3><\/div>[vc_row_inner content_placement=\u00a0\u00bbmiddle\u00a0\u00bb css=\u00a0\u00bb.vc_custom_1654341871784{margin-top: 50px !important;}\u00a0\u00bb][vc_column_inner width=\u00a0\u00bb1\/3&Prime;][vc_single_image image=\u00a0\u00bb10668&Prime; img_size=\u00a0\u00bb350&#215;496&Prime; alignment=\u00a0\u00bbcenter\u00a0\u00bb onclick=\u00a0\u00bblink_image\u00a0\u00bb][\/vc_column_inner][vc_column_inner width=\u00a0\u00bb1\/3&Prime;][vc_column_text]<\/p>\n<p style=\"text-align: center;\"><span style=\"font-weight: 400;\">De l&rsquo;autre c\u00f4t\u00e9 du continent, son mentor l&rsquo;observait patiemment et l&rsquo;inspirait. <\/span><a href=\"https:\/\/www.sonicbids.com\/band\/themightyone\/\" target=\"_blank\" rel=\"noopener\"><span style=\"font-weight: 400;\">Tim Steinruck<\/span><\/a><span style=\"font-weight: 400;\">une l\u00e9gende du hard rock gr\u00e2ce \u00e0 son groupe \u00ab\u00a0The Mighty One\u00a0\u00bb.<\/span><a href=\"http:\/\/themightyone.rocks\/\" target=\"_blank\" rel=\"noopener\"><span style=\"font-weight: 400;\">The Mighty One<\/span><\/a><span style=\"font-weight: 400;\">\u00ab\u00a0. Tim \u00e9tait tout aussi pi\u00e9g\u00e9 que Rachel et sa lumi\u00e8re lui a donn\u00e9 de l&rsquo;espoir \u00e0 partager avec sa famille. Apr\u00e8s avoir assist\u00e9 \u00e0 plus d&rsquo;une douzaine de concerts, Tim s&rsquo;est rapproch\u00e9 de son p\u00e8re et a commenc\u00e9 \u00e0 tisser des liens avec lui.<\/span> <a href=\"https:\/\/en.wikipedia.org\/wiki\/Mark_Howard_(producer)\" target=\"_blank\" rel=\"noopener\"><span style=\"font-weight: 400;\">Mark Howard<\/span><\/a><span style=\"font-weight: 400;\">Mark Howard est un producteur et ing\u00e9nieur l\u00e9gendaire qui a produit le premier album acoustique live de Rachels, \u00a0\u00bb The Next Invention \u00ab\u00a0.<\/span><b>The Next Big Invention<\/b><span style=\"font-weight: 400;\">\u00ab\u00a0.<\/span><\/p>\n<p style=\"text-align: center;\"><em style=\"font-size: 20px;\">\u00ab\u00a0Son \u00e9criture et son style sont bien plus m\u00fbrs que son \u00e2ge, elle a la m\u00eame sensibilit\u00e9 et le m\u00eame son que Joni Mitchell.<\/em><\/p>\n<p style=\"text-align: center;\"><strong>&#8211; Mark Howard \/ Producteur de disques &#8211;<\/strong><\/p>\n<p style=\"text-align: center;\"><em style=\"font-size: 20px;\">\u00ab\u00a0\u00c0 son jeune \u00e2ge, elle a d\u00e9j\u00e0 des ann\u00e9es d&rsquo;avance&#8230; un talent brut incroyable.<\/em><\/p>\n<p style=\"text-align: center;\"><strong>&#8211; Jole Pole \/ Animateur radio &#8211;<\/strong><\/p>\n<p>[\/vc_column_text][\/vc_column_inner][vc_column_inner width=\u00a0\u00bb1\/3&Prime;][vc_single_image image=\u00a0\u00bb10669&Prime; img_size=\u00a0\u00bb350&#215;496&Prime; alignment=\u00a0\u00bbcenter\u00a0\u00bb onclick=\u00a0\u00bblink_image\u00a0\u00bb][\/vc_column_inner][\/vc_row_inner][\/vc_column][\/vc_row][vc_row][vc_column]<div class=\"es-resp\">\t<div class=\"visible-xl\" style=\"height: 100px;\"><\/div>\t<div class=\"hidden-xl hidden-md hidden-sm hidden-ms hidden-xs\" style=\"height: 50px;\"><\/div>\t<div class=\"visible-md\" style=\"height: 50px;\"><\/div>\t<div class=\"visible-sm \" style=\"height: 30px;\"><\/div>\t<div class=\"visible-ms\" style=\"height: 30px;\"><\/div>\t<div class=\"visible-xs\" style=\"height: 30px;\"><\/div><\/div>[\/vc_column][\/vc_row]<\/p>\n<\/div>","protected":false},"excerpt":{"rendered":"<p>[vc_row css=\u00a0\u00bb.vc_custom_1654341166256{margin-top: 80px !important;}\u00a0\u00bb][vc_column][vc_custom_heading text=\u00a0\u00bbRachel Dara\u00a0\u00bb font_container=\u00a0\u00bbtag:h5|font_size:24px|text_align:center|color:%23e41e2d\u00a0\u00bb google_fonts=\u00a0\u00bbfont_family:Architects%20Daughter%3Aregular|font_style:400%20regular%3A400%3Anormal\u00a0\u00bb][vc_custom_heading text=\u00a0\u00bbLa cr\u00e9ation de Rachel Dara &#8211; Auteur-compositeur-interpr\u00e8te\u00a0\u00bb font_container=\u00a0\u00bbtag:h3|text_align:center|color:%23222222&Prime; use_theme_fonts=\u00a0\u00bbyes\u00a0\u00bb css=\u00a0\u00bb.vc_custom_1654341205146{margin-top: 0px !important;}\u00a0\u00bb][vc_row_inner css=\u00a0\u00bb.vc_custom_1654341160472{margin-top: 50px !important;}\u00a0\u00bb][vc_column_inner width=\u00a0\u00bb1\/2&Prime;][\/vc_column_inner][vc_column_inner width=\u00a0\u00bb1\/2&Prime;][\/vc_column_inner][\/vc_row_inner][\/vc_column][\/vc_row][vc_row][vc_column][vc_separator el_width=\u00a0\u00bb80&Prime;][\/vc_column][\/vc_row][vc_row][vc_column][vc_row_inner][vc_column_inner width=\u00a0\u00bb1\/6&Prime;][\/vc_column_inner][vc_column_inner width=\u00a0\u00bb2\/3&Prime;][vc_column_text] C&rsquo;est alors que la pand\u00e9mie frappe, l&rsquo;affectant plus que la plupart des autres. Sa famille imm\u00e9diate \u00e9tant atteinte de maladies auto-immunes, elle a \u00e9t\u00e9 contrainte de ne pas aller \u00e0 l&rsquo;\u00e9cole. Elle avait besoin d&rsquo;un exutoire&#8230; 50 \u00ab\u00a0Covid Concerts\u00a0\u00bb d&rsquo;une heure chaque samedi soir lui ont permis de se rapprocher de ses fans et de leur apporter inspiration et r\u00e9confort \u00e0 travers ses reprises, puis finalement sa propre musique. Les choses ont [&hellip;]<\/p>\n","protected":false},"author":1,"featured_media":0,"parent":0,"menu_order":0,"comment_status":"closed","ping_status":"closed","template":"page-templates\/full-width.php","meta":{"inline_featured_image":false,"_price":"","_stock":"","_tribe_ticket_header":"","_tribe_default_ticket_provider":"","_ticket_start_date":"","_ticket_end_date":"","_tribe_ticket_show_description":"","_tribe_ticket_show_not_going":false,"_tribe_ticket_use_global_stock":"","_tribe_ticket_global_stock_level":"","_global_stock_mode":"","_global_stock_cap":"","_tribe_rsvp_for_event":"","_tribe_ticket_going_count":"","_tribe_ticket_not_going_count":"","_tribe_tickets_list":"[]","_tribe_ticket_has_attendee_info_fields":false,"footnotes":""},"class_list":["post-11660","page","type-page","status-publish","hentry"],"_links":{"self":[{"href":"https:\/\/racheldara.com\/fr\/wp-json\/wp\/v2\/pages\/11660","targetHints":{"allow":["GET"]}}],"collection":[{"href":"https:\/\/racheldara.com\/fr\/wp-json\/wp\/v2\/pages"}],"about":[{"href":"https:\/\/racheldara.com\/fr\/wp-json\/wp\/v2\/types\/page"}],"author":[{"embeddable":true,"href":"https:\/\/racheldara.com\/fr\/wp-json\/wp\/v2\/users\/1"}],"replies":[{"embeddable":true,"href":"https:\/\/racheldara.com\/fr\/wp-json\/wp\/v2\/comments?post=11660"}],"version-history":[{"count":14,"href":"https:\/\/racheldara.com\/fr\/wp-json\/wp\/v2\/pages\/11660\/revisions"}],"predecessor-version":[{"id":11766,"href":"https:\/\/racheldara.com\/fr\/wp-json\/wp\/v2\/pages\/11660\/revisions\/11766"}],"wp:attachment":[{"href":"https:\/\/racheldara.com\/fr\/wp-json\/wp\/v2\/media?parent=11660"}],"curies":[{"name":"wp","href":"https:\/\/api.w.org\/{rel}","templated":true}]}}